{"id":934,"date":"2015-07-01T01:47:46","date_gmt":"2015-07-01T01:47:46","guid":{"rendered":"https:\/\/www.tramuntanapm.es\/project-management\/"},"modified":"2018-01-20T16:41:13","modified_gmt":"2018-01-20T16:41:13","slug":"gestion-de-propiedades","status":"publish","type":"page","link":"https:\/\/www.tramuntanapm.es\/es\/gestion-de-propiedades\/","title":{"rendered":"GESTI\u00d3N DE PROPIEDADES"},"content":{"rendered":"<div class=\"fusion-fullwidth fullwidth-box fusion-builder-row-1 nonhundred-percent-fullwidth non-hundred-percent-height-scrolling\" style=\"--awb-background-position:left top;--awb-border-radius-top-left:0px;--awb-border-radius-top-right:0px;--awb-border-radius-bottom-right:0px;--awb-border-radius-bottom-left:0px;--awb-padding-top:30px;--awb-padding-bottom:30px;--awb-border-sizes-top:0px;--awb-border-sizes-bottom:0px;--awb-flex-wrap:wrap;\" ><div class=\"fusion-builder-row fusion-row\"><div class=\"fusion-layout-column fusion_builder_column fusion-builder-column-0 fusion_builder_column_3_5 3_5 fusion-three-fifth fusion-column-first\" style=\"--awb-bg-size:cover;width:58.4%; margin-right: 4%;\"><div class=\"fusion-column-wrapper fusion-flex-column-wrapper-legacy\"><div class=\"fusion-text fusion-text-1\"><h2>Gesti\u00f3n de Propiedades<\/h2>\n<\/div><div class=\"fusion-text fusion-text-2\"><h3><em>Para clientes que no alquilan su propiedad<\/em><\/h3>\n<\/div><div class=\"fusion-text fusion-text-3\"><p><strong>Custodia de Llaves:<\/strong> Este es el servicio m\u00e1s simple que ofrecemos. Custodiamos sus llaves y solo las entregamos a quien usted nos indique. Mantendremos un registro de entrada y salida y le mantendremos informado sobre todos los movimientos.<br \/>\n<strong><br \/>\nVisita Semanal:<\/strong> Esta visita seminal esta dise\u00f1ada para asegurarnos de que su propiedad est\u00e1 en buenas condiciones cuando usted mismo no pueda verificarlo. Le informaremos de cualquier anomal\u00eda que encontremos para que usted pueda tomar las decisiones oportunas.<\/p>\n<p><strong>Programa Completo de Mantenimiento:<\/strong> Con este paquete visitaremos su propiedad de forma regular, la mantendremos limpia y le informaremos y solucionaremos cualquier problema con el que nos encontremos. Su propiedad estar\u00e1 siempre en perfectas condiciones.<\/p>\n<p><strong>Mantenimiento de Piscinas y Jardines:<\/strong> Jardines y piscinas dan a cualquier propiedad ese toque especial que las hace sobresalir sobre otras y requieren de limpieza y mantenimiento. Tambi\u00e9n en esto le podemos ayudar.<\/p>\n<p><strong>Administraci\u00f3n de Proyectos:<\/strong> A veces es dif\u00edcil saber con qui\u00e9n contactar o a quien contratar para un proyecto espec\u00edfico. Otras veces el proyecto es demasiado complicado como para llevarlo a buen t\u00e9rmino sin tener al lado alguien con experiencia. A trav\u00e9s de los a\u00f1os hemos acumulado much\u00edsima experiencia trabajando con muchos arquitectos, constructores, decoradores, electricistas, fontaneros, y mucha m\u00e1s gente del sector. Si tiene alg\u00fan proyecto en mente, tanto si es una renovaci\u00f3n de un ba\u00f1o, poner al d\u00eda una cocina o una renovaci\u00f3n integral, p\u00f3ngase en contacto con nosotros. Podemos administrar su proyecto completamente o sencillamente ofrecerle consejo.<\/p>\n<p><strong>Fotograf\u00eda Arquitect\u00f3nica:<\/strong> Se necesita mucho m\u00e1s que una simple c\u00e1mara y algunos encuadres para que las im\u00e1genes de su propiedad destaquen sobre las dem\u00e1s. Nuestra amplia experiencia y equipo de alta calidad nos permiten tomar fotos que har\u00e1n que este orgulloso. Tanto si quiere vender, alquilar o simplemente inmortalizar su propiedad, tenemos el paquete para usted. Interiores, exteriores o a\u00e9reos.<\/p>\n<p><strong>Ayuda con el Papeleo:<\/strong> Sabemos lo f\u00e1cil que es sentirse frustrado cuando uno se enfrenta con la burocracia. No se preocupe; le ayudaremos a tramitar cualquier documento que necesite relacionado con nuestros servicios y su propiedad.<\/p>\n<\/div><div class=\"fusion-clearfix\"><\/div><\/div><\/div><div class=\"fusion-layout-column fusion_builder_column fusion-builder-column-1 fusion_builder_column_2_5 2_5 fusion-two-fifth fusion-column-last\" style=\"--awb-padding-top:145px;--awb-bg-size:cover;width:37.6%;\"><div class=\"fusion-column-wrapper fusion-flex-column-wrapper-legacy\"><div class=\"fusion-image-element in-legacy-container\" style=\"--awb-caption-title-font-family:var(--h2_typography-font-family);--awb-caption-title-font-weight:var(--h2_typography-font-weight);--awb-caption-title-font-style:var(--h2_typography-font-style);--awb-caption-title-size:var(--h2_typography-font-size);--awb-caption-title-transform:var(--h2_typography-text-transform);--awb-caption-title-line-height:var(--h2_typography-line-height);--awb-caption-title-letter-spacing:var(--h2_typography-letter-spacing);\"><span class=\" fusion-imageframe imageframe-none imageframe-1 hover-type-none fusion-animated\" data-animationType=\"fadeInDown\" data-animationDuration=\"1.0\" data-animationOffset=\"top-into-view\"><a href=\"https:\/\/www.tramuntanapm.es\/wp-content\/uploads\/2015\/02\/mallorca-rental-property-750.jpg\" class=\"fusion-lightbox\" data-rel=\"iLightbox[527fd8567d674c3e788]\" data-title=\"mallorca-rental-property-750\" title=\"mallorca-rental-property-750\"><img decoding=\"async\" width=\"750\" height=\"1200\" alt=\"Swimming pool cleaning and maintenance\" src=\"https:\/\/www.tramuntanapm.es\/wp-content\/uploads\/2015\/02\/mallorca-rental-property-750.jpg\" class=\"img-responsive wp-image-734\" srcset=\"https:\/\/www.tramuntanapm.es\/wp-content\/uploads\/2015\/02\/mallorca-rental-property-750-200x320.jpg 200w, https:\/\/www.tramuntanapm.es\/wp-content\/uploads\/2015\/02\/mallorca-rental-property-750-400x640.jpg 400w, https:\/\/www.tramuntanapm.es\/wp-content\/uploads\/2015\/02\/mallorca-rental-property-750-600x960.jpg 600w, https:\/\/www.tramuntanapm.es\/wp-content\/uploads\/2015\/02\/mallorca-rental-property-750.jpg 750w\" sizes=\"(max-width: 800px) 100vw, 600px\" \/><\/a><\/span><\/div><div class=\"fusion-clearfix\"><\/div><\/div><\/div><\/div><\/div>\n","protected":false},"excerpt":{"rendered":"","protected":false},"author":1,"featured_media":0,"parent":0,"menu_order":0,"comment_status":"closed","ping_status":"open","template":"100-width.php","meta":{"_acf_changed":false,"footnotes":""},"class_list":["post-934","page","type-page","status-publish","hentry"],"acf":[],"aioseo_notices":[],"_links":{"self":[{"href":"https:\/\/www.tramuntanapm.es\/es\/wp-json\/wp\/v2\/pages\/934","targetHints":{"allow":["GET"]}}],"collection":[{"href":"https:\/\/www.tramuntanapm.es\/es\/wp-json\/wp\/v2\/pages"}],"about":[{"href":"https:\/\/www.tramuntanapm.es\/es\/wp-json\/wp\/v2\/types\/page"}],"author":[{"embeddable":true,"href":"https:\/\/www.tramuntanapm.es\/es\/wp-json\/wp\/v2\/users\/1"}],"replies":[{"embeddable":true,"href":"https:\/\/www.tramuntanapm.es\/es\/wp-json\/wp\/v2\/comments?post=934"}],"version-history":[{"count":0,"href":"https:\/\/www.tramuntanapm.es\/es\/wp-json\/wp\/v2\/pages\/934\/revisions"}],"wp:attachment":[{"href":"https:\/\/www.tramuntanapm.es\/es\/wp-json\/wp\/v2\/media?parent=934"}],"curies":[{"name":"wp","href":"https:\/\/api.w.org\/{rel}","templated":true}]}}