{"id":915,"date":"2015-02-10T19:21:05","date_gmt":"2015-02-10T19:21:05","guid":{"rendered":"https:\/\/www.tramuntanapm.es\/home\/"},"modified":"2020-07-31T14:10:47","modified_gmt":"2020-07-31T14:10:47","slug":"nosotros","status":"publish","type":"page","link":"https:\/\/www.tramuntanapm.es\/es\/nosotros\/","title":{"rendered":"Nosotros"},"content":{"rendered":"<p><div class=\"fusion-fullwidth fullwidth-box fusion-builder-row-1 nonhundred-percent-fullwidth non-hundred-percent-height-scrolling\" style=\"--awb-background-position:left top;--awb-border-radius-top-left:0px;--awb-border-radius-top-right:0px;--awb-border-radius-bottom-right:0px;--awb-border-radius-bottom-left:0px;--awb-padding-top:50px;--awb-padding-bottom:40px;--awb-border-sizes-top:0px;--awb-border-sizes-bottom:0px;--awb-flex-wrap:wrap;\" ><div class=\"fusion-builder-row fusion-row\"><div class=\"fusion-layout-column fusion_builder_column fusion-builder-column-0 fusion_builder_column_2_5 2_5 fusion-two-fifth fusion-column-first\" style=\"--awb-bg-size:cover;--awb-margin-bottom:40px;width:37.6%; margin-right: 4%;\"><div class=\"fusion-column-wrapper fusion-flex-column-wrapper-legacy\"><div class=\"fusion-text fusion-text-1\"><h2>Gesti\u00f3n de Propiedades, Proyectos, Alquileres y Ventas<\/h2>\n<\/div><div class=\"fusion-text fusion-text-2\"><p>La Serra de Tramuntana es un lugar muy especial que recibe a multitud de visitantes cada a\u00f1o. Muchos visitantes acaban comprando una propiedad para disfrutar de todo lo que tiene que ofrecer cuando sus responsabilidades se lo permiten.<\/p>\n<p>Estamos aqu\u00ed para ayudarle a gestionar su propiedad, la alquile o no, cuando no est\u00e9 disponible y as\u00ed garantizarle que todo se mantenga en perfectas condiciones. Rel\u00e1jese y deje que le ayudemos\u2026<\/p>\n<\/div><div class=\"fusion-image-element in-legacy-container\" style=\"--awb-caption-title-font-family:var(--h2_typography-font-family);--awb-caption-title-font-weight:var(--h2_typography-font-weight);--awb-caption-title-font-style:var(--h2_typography-font-style);--awb-caption-title-size:var(--h2_typography-font-size);--awb-caption-title-transform:var(--h2_typography-text-transform);--awb-caption-title-line-height:var(--h2_typography-line-height);--awb-caption-title-letter-spacing:var(--h2_typography-letter-spacing);\"><span class=\" fusion-imageframe imageframe-none imageframe-1 hover-type-none\"><img decoding=\"async\" width=\"800\" height=\"490\" alt=\"Property Management in Soller Mallorca\" title=\"mallorca-rental-property-2\" src=\"https:\/\/www.tramuntanapm.es\/wp-content\/uploads\/2015\/02\/mallorca-rental-property-2.jpg\" class=\"img-responsive wp-image-751\" srcset=\"https:\/\/www.tramuntanapm.es\/wp-content\/uploads\/2015\/02\/mallorca-rental-property-2-200x123.jpg 200w, https:\/\/www.tramuntanapm.es\/wp-content\/uploads\/2015\/02\/mallorca-rental-property-2-400x245.jpg 400w, https:\/\/www.tramuntanapm.es\/wp-content\/uploads\/2015\/02\/mallorca-rental-property-2-600x368.jpg 600w, https:\/\/www.tramuntanapm.es\/wp-content\/uploads\/2015\/02\/mallorca-rental-property-2.jpg 800w\" sizes=\"(max-width: 800px) 100vw, 600px\" \/><\/span><\/div><div class=\"fusion-clearfix\"><\/div><\/div><\/div><div class=\"fusion-layout-column fusion_builder_column fusion-builder-column-1 fusion_builder_column_1_2 1_2 fusion-one-half\" style=\"--awb-padding-top:60px;--awb-bg-size:cover;width:48%; margin-right: 4%;\"><div class=\"fusion-column-wrapper fusion-flex-column-wrapper-legacy\"><div class=\"fusion-text fusion-text-3\"><p><strong>Propiedades en Alquiler:<\/strong> Gestionamos un gran n\u00famero de propiedades en esta \u00e1rea, tanto para alquiler vacacional como a largo plazo. Mantenemos nuestra p\u00e1gina todo lo actualizada que podemos, pero si no encuentra lo que busca aqu\u00ed, no dude en contactarnos y compartiremos con usted la informaci\u00f3n m\u00e1s reciente que tengamos. Asimismo, si lo que busca es a alguien que le gestione su propiedad, no dude en contactarnos.<\/p>\n<p><b>Gesti\u00f3n<\/b><strong>\u00a0de proyectos:<\/strong> Si tiene un proyecto que necesita ser gestionado, tanto uno sencillo como uno complejo, no dude en contactarnos. Tenemos una enorme experiencia con las compa\u00f1\u00edas de la zona y le garantizamos la mejor experiencia posible. Su proyecto ser\u00e1 llevado a cabo con la mejor calidad posible y a tiempo.<\/p>\n<p><strong>Ventas:<\/strong> Encuentre propiedades que tenemos a la venta en esta \u00e1rea, desde solares hasta fincas. Cont\u00e1ctenos para m\u00e1s detalles.<\/p>\n<\/div><div class=\"fusion-clearfix\"><\/div><\/div><\/div><\/div><\/div><div class=\"fusion-fullwidth fullwidth-box fusion-builder-row-2 nonhundred-percent-fullwidth non-hundred-percent-height-scrolling\" style=\"--awb-border-radius-top-left:0px;--awb-border-radius-top-right:0px;--awb-border-radius-bottom-right:0px;--awb-border-radius-bottom-left:0px;--awb-padding-top:0px;--awb-padding-bottom:0px;--awb-flex-wrap:wrap;\" ><div class=\"fusion-builder-row fusion-row\"><div class=\"fusion-layout-column fusion_builder_column fusion-builder-column-2 fusion_builder_column_1_1 1_1 fusion-one-full fusion-column-first fusion-column-last\" style=\"--awb-padding-top:80px;--awb-padding-bottom:80px;--awb-bg-size:cover;\"><div class=\"fusion-column-wrapper fusion-flex-column-wrapper-legacy\"><div class=\"fusion-sep-clear\"><\/div><div class=\"fusion-separator fusion-clearfix\" style=\"float:left;margin-top:0px;width:100%;max-width:67%;\"><div class=\"fusion-separator-border sep-single sep-solid\" style=\"--awb-height:20px;--awb-amount:20px;--awb-sep-color:#e2e3e8;border-color:#e2e3e8;border-top-width:3px;\"><\/div><\/div><div class=\"fusion-sep-clear\"><\/div><div class=\"fusion-clearfix\"><\/div><\/div><\/div><\/div><\/div><div class=\"fusion-fullwidth fullwidth-box fusion-builder-row-3 nonhundred-percent-fullwidth non-hundred-percent-height-scrolling\" style=\"--awb-background-position:left top;--awb-border-radius-top-left:0px;--awb-border-radius-top-right:0px;--awb-border-radius-bottom-right:0px;--awb-border-radius-bottom-left:0px;--awb-padding-top:0px;--awb-padding-bottom:50px;--awb-border-sizes-top:0px;--awb-border-sizes-bottom:0px;--awb-flex-wrap:wrap;\" ><div class=\"fusion-builder-row fusion-row\"><div class=\"fusion-layout-column fusion_builder_column fusion-builder-column-3 fusion_builder_column_1_2 1_2 fusion-one-half fusion-column-first\" style=\"--awb-bg-position:right center;--awb-bg-size:cover;--awb-border-color:#e0dede;--awb-border-style:solid;--awb-margin-bottom:0px;width:48%; margin-right: 4%;\"><div class=\"fusion-column-wrapper fusion-flex-column-wrapper-legacy\"><div class=\"fusion-text fusion-text-4\"><h2>Miguel Frontera y<br \/>\nEli Enr\u00edquez<\/h2>\n<\/div><div class=\"fusion-clearfix\"><\/div><\/div><\/div><div class=\"fusion-layout-column fusion_builder_column fusion-builder-column-4 fusion_builder_column_1_2 1_2 fusion-one-half fusion-column-last\" style=\"--awb-bg-size:cover;width:48%;\"><div class=\"fusion-column-wrapper fusion-flex-column-wrapper-legacy\"><div class=\"fusion-column-content-centered\"><div class=\"fusion-column-content\"><div class=\"fusion-image-element fusion-image-align-left in-legacy-container\" style=\"text-align:left;--awb-caption-title-font-family:var(--h2_typography-font-family);--awb-caption-title-font-weight:var(--h2_typography-font-weight);--awb-caption-title-font-style:var(--h2_typography-font-style);--awb-caption-title-size:var(--h2_typography-font-size);--awb-caption-title-transform:var(--h2_typography-text-transform);--awb-caption-title-line-height:var(--h2_typography-line-height);--awb-caption-title-letter-spacing:var(--h2_typography-letter-spacing);\"><span class=\" fusion-imageframe imageframe-none imageframe-2 hover-type-none\" style=\"margin-right:25px;float:left;\"><img decoding=\"async\" width=\"700\" height=\"536\" alt=\"Miguel and Elisa\" title=\"miki-eli\" src=\"https:\/\/www.tramuntanapm.es\/wp-content\/uploads\/2015\/02\/miki-eli.jpg\" class=\"img-responsive wp-image-884\" srcset=\"https:\/\/www.tramuntanapm.es\/wp-content\/uploads\/2015\/02\/miki-eli-200x153.jpg 200w, https:\/\/www.tramuntanapm.es\/wp-content\/uploads\/2015\/02\/miki-eli-400x306.jpg 400w, https:\/\/www.tramuntanapm.es\/wp-content\/uploads\/2015\/02\/miki-eli-600x459.jpg 600w, https:\/\/www.tramuntanapm.es\/wp-content\/uploads\/2015\/02\/miki-eli.jpg 700w\" sizes=\"(max-width: 800px) 100vw, 600px\" \/><\/span><\/div><\/div><\/div><div class=\"fusion-clearfix\"><\/div><\/div><\/div><\/div><\/div><\/p>\n","protected":false},"excerpt":{"rendered":"","protected":false},"author":1,"featured_media":0,"parent":0,"menu_order":0,"comment_status":"closed","ping_status":"closed","template":"100-width.php","meta":{"_acf_changed":false,"footnotes":""},"class_list":["post-915","page","type-page","status-publish","hentry"],"acf":[],"aioseo_notices":[],"_links":{"self":[{"href":"https:\/\/www.tramuntanapm.es\/es\/wp-json\/wp\/v2\/pages\/915","targetHints":{"allow":["GET"]}}],"collection":[{"href":"https:\/\/www.tramuntanapm.es\/es\/wp-json\/wp\/v2\/pages"}],"about":[{"href":"https:\/\/www.tramuntanapm.es\/es\/wp-json\/wp\/v2\/types\/page"}],"author":[{"embeddable":true,"href":"https:\/\/www.tramuntanapm.es\/es\/wp-json\/wp\/v2\/users\/1"}],"replies":[{"embeddable":true,"href":"https:\/\/www.tramuntanapm.es\/es\/wp-json\/wp\/v2\/comments?post=915"}],"version-history":[{"count":0,"href":"https:\/\/www.tramuntanapm.es\/es\/wp-json\/wp\/v2\/pages\/915\/revisions"}],"wp:attachment":[{"href":"https:\/\/www.tramuntanapm.es\/es\/wp-json\/wp\/v2\/media?parent=915"}],"curies":[{"name":"wp","href":"https:\/\/api.w.org\/{rel}","templated":true}]}}